{"id":9179,"date":"2024-02-27T15:39:27","date_gmt":"2024-02-27T15:39:27","guid":{"rendered":"https:\/\/soulbricks.com\/?page_id=9179"},"modified":"2025-09-16T18:05:37","modified_gmt":"2025-09-16T18:05:37","slug":"design","status":"publish","type":"page","link":"https:\/\/soulbricks.com\/fr\/design\/","title":{"rendered":"Design"},"content":{"rendered":"<section class=\"wpb-content-wrapper\"><p>[vc_row][vc_column offset=\u00a0\u00bbvc_col-lg-offset-1 vc_col-lg-10&Prime;]<div class=\"qodef-elements-holder   qodef-one-column  qodef-responsive-mode-768 \" ><div class=\"qodef-eh-item    \"  data-item-class=\"qodef-eh-custom-1586\" data-681-768=\"50px 0 57px 0\" data-680=\"50px 0 57px 0\">\n\t<div class=\"qodef-eh-item-inner\">\n\t\t<div class=\"qodef-eh-item-content qodef-eh-custom-1586\" style=\"padding: 0px 0 50px 0\">\n\t\t\t<div class=\"qodef-section-title-holder  qodef-st-standard qodef-st-title-left qodef-st-normal-space \" >\n\t<div class=\"qodef-st-inner\">\n\t\t\t\t\t<h1 class=\"qodef-st-title\" >\n\t\t\t\t<span class=\"qodef-st-title-bold\">Design<\/span>\t\t\t<\/h1>\n\t\t\t\t    \t<\/div>\n<\/div>[vc_column_text]<span class=\"TextRun SCXW237293186 BCX0\" lang=\"NL-BE\" xml:lang=\"NL-BE\" data-contrast=\"auto\"><span class=\"NormalTextRun SpellingErrorV2Themed SCXW237293186 BCX0\">Vous<\/span> <span class=\"NormalTextRun SpellingErrorV2Themed SCXW237293186 BCX0\">avez<\/span><span class=\"NormalTextRun SCXW237293186 BCX0\"> des id\u00e9es, mais <\/span><span class=\"NormalTextRun SpellingErrorV2Themed SCXW237293186 BCX0\">vous<\/span><span class=\"NormalTextRun SCXW237293186 BCX0\"> ne <\/span><span class=\"NormalTextRun SpellingErrorV2Themed SCXW237293186 BCX0\">savez<\/span><span class=\"NormalTextRun SCXW237293186 BCX0\"> pas <\/span><span class=\"NormalTextRun SpellingErrorV2Themed SCXW237293186 BCX0\">comment<\/span> <span class=\"NormalTextRun SpellingErrorV2Themed SCXW237293186 BCX0\">le<\/span> <span class=\"NormalTextRun SpellingErrorV2Themed SCXW237293186 BCX0\">r\u00e9aliser<\/span><span class=\"NormalTextRun SCXW237293186 BCX0\"> ?<\/span><\/span><span class=\"EOP SCXW237293186 BCX0\" data-ccp-props=\"{&quot;134233117&quot;:false,&quot;134233118&quot;:false,&quot;201341983&quot;:0,&quot;335551550&quot;:1,&quot;335551620&quot;:1,&quot;335559685&quot;:0,&quot;335559737&quot;:0,&quot;335559738&quot;:0,&quot;335559739&quot;:0,&quot;335559740&quot;:259}\">\u00a0<\/span>[\/vc_column_text][vc_empty_space height=\u00a0\u00bb25&Prime;]<div class=\"qodef-single-image-holder   \">\n\t<div class=\"qodef-si-inner\" >\n\t\t<div class=\"qodef-si-text-holder\">\n\t\t\t<span class=\"qodef-si-text\"><\/span>\n\t\t<\/div>\n\t\t\t\t\t\t\t\t\t<img loading=\"lazy\" decoding=\"async\" width=\"2560\" height=\"1440\" src=\"https:\/\/soulbricks.com\/wp-content\/uploads\/2024\/05\/render1-scaled.jpg\" class=\"attachment-full size-full\" alt=\"\" srcset=\"https:\/\/soulbricks.com\/wp-content\/uploads\/2024\/05\/render1-scaled.jpg 2560w, https:\/\/soulbricks.com\/wp-content\/uploads\/2024\/05\/render1-300x169.jpg 300w, https:\/\/soulbricks.com\/wp-content\/uploads\/2024\/05\/render1-1024x576.jpg 1024w, https:\/\/soulbricks.com\/wp-content\/uploads\/2024\/05\/render1-768x432.jpg 768w, https:\/\/soulbricks.com\/wp-content\/uploads\/2024\/05\/render1-1536x864.jpg 1536w\" sizes=\"auto, (max-width: 2560px) 100vw, 2560px\" \/>\t\t\t\t\t\t<\/div>\n<\/div>\n[vc_empty_space height=\u00a0\u00bb25&Prime;][vc_column_text]<\/p>\n<h2><b>D\u00e9veloppement du concept <\/b><\/h2>\n<p><span style=\"font-weight: 400;\">Classique, industriel ou rural, le paysage des bureaux \u00e9volue chaque jour. Notre travail consiste \u00e0 rester \u00e0 jour afin que votre concept immobilier soit d\u00e9velopp\u00e9 en fonction de la demande du march\u00e9. <\/span><\/p>\n<p>Pour d\u00e9terminer l\u2019aspect g\u00e9n\u00e9ral de votre int\u00e9rieur, nous combinons nous combinons nos connaissances sp\u00e9cifiques avec vos besoins sp\u00e9cifiques. Le r\u00e9sultat est une premi\u00e8re conception tr\u00e8s \u00e9labor\u00e9e.<\/p>\n<p>L\u2019id\u00e9e g\u00e9n\u00e9rale est-elle en place ? Il est ensuite temps de l\u2019affiner et d\u2019\u00e9tablir des plans d\u00e9taill\u00e9s. Entre autres choses, nous choisissons les mat\u00e9riaux et d\u00e9terminons le syst\u00e8me d\u2019\u00e9clairage le plus appropri\u00e9. [\/vc_column_text][vc_empty_space]<div class=\"qodef-single-image-holder   \">\n\t<div class=\"qodef-si-inner\" >\n\t\t<div class=\"qodef-si-text-holder\">\n\t\t\t<span class=\"qodef-si-text\">Design Development<\/span>\n\t\t<\/div>\n\t\t\t\t\t\t\t\t\t<img loading=\"lazy\" decoding=\"async\" src=\"https:\/\/soulbricks.com\/wp-content\/uploads\/2023\/11\/SOPHIETOP-\u00a9BUROBONITO-23-e1701351304620-600x380.jpg\" alt=\"\" width=\"600\" height=\"380\" \/>\t\t\t\t\t\t<\/div>\n<\/div>\n[vc_empty_space height=\u00a0\u00bb150&Prime;]<div class=\"qodef-section-title-holder  qodef-st-standard qodef-st-title-left qodef-st-normal-space \" style=\"text-align: center\">\n\t<div class=\"qodef-st-inner\">\n\t\t\t\t\t<h4 class=\"qodef-st-title\" style=\"font-size: 30px\">\n\t\t\t\tVous avez des id\u00e9es, mais vous ne savez pas comment le r\u00e9aliser ?\t\t\t<\/h4>\n\t\t\t\t            <div class=\"qodef-section-title-button-holder\">\n            <div class=\"qodef-section-title-button\">\n                <a itemprop=\"url\" href=\"https:\/\/soulbricks.com\/fr\/contactez-nous\" target=\"_self\"  class=\"qodef-btn qodef-btn-large qodef-btn-simple\"  >    <span class=\"qodef-btn-line-holder\">        <span class=\"qodef-btn-line-top\"><\/span>        <span class=\"qodef-btn-line\"><\/span>        <span class=\"qodef-btn-line-bottom\"><\/span>    <\/span>        <span class=\"qodef-btn-text\">Contactez nous<\/span><\/a>            <\/div>\n        <\/div>\n    \t<\/div>\n<\/div>[vc_empty_space height=\u00a0\u00bb25&Prime;][vc_empty_space height=\u00a0\u00bb100&Prime;]<div class=\"qodef-portfolio-list-holder qodef-grid-list qodef-grid-masonry-list qodef-disable-bottom-space qodef-pl-masonry qodef-two-columns qodef-huge-space qodef-pl-standard-switch-images     qodef-pl-pag-no-pagination  qodef-filter-position-top     qodef-three-images-scrollable\"  data-type=masonry data-number-of-columns=two data-space-between-items=huge data-number-of-items=4 data-image-proportions=full data-enable-fixed-proportions=no data-enable-image-shadow=no data-category=design data-orderby=date data-order=ASC data-item-style=standard-switch-images data-content-bottom-margin=30px data-enable-title=yes data-title-tag=h5 data-enable-category=yes data-enable-count-images=yes data-enable-excerpt=no data-excerpt-length=20 data-additional-data=year data-three-images=yes data-enable-boxed-layout=no data-pagination-type=no-pagination data-filter=no data-filter-position=top data-filter-order-by=name data-enable-article-animation=no data-portfolio-slider-on=no data-enable-loop=yes data-enable-autoplay=yes data-slider-speed=5000 data-slider-speed-animation=600 data-enable-navigation=yes data-enable-pagination=yes data-max-num-pages=0 data-next-page=2>\n\t    <div class=\"qodef-pl-inner-holder\">\n        <div class=\"qodef-pl-inner qodef-outer-space qodef-masonry-list-wrapper clearfix\">\n            <div class=\"qodef-masonry-grid-sizer\"><\/div>\n            <div class=\"qodef-masonry-grid-gutter\"><\/div>\n            <p class=\"qodef-pl-not-found\">Sorry, no posts matched your criteria.<\/p>        <\/div>\n    <\/div>\n\t<\/div>\t\t<\/div>\n\t<\/div>\n<\/div><\/div>[\/vc_column][\/vc_row][vc_row][vc_column][vc_column_text]<\/p>\n<div id=\"ConnectiveDocSignExtentionInstalled\" data-extension-version=\"1.0.4\"><\/div>\n<div id=\"ConnectiveDocSignExtentionInstalled\" data-extension-version=\"1.0.4\"><\/div>\n<p>[\/vc_column_text][\/vc_column][\/vc_row]<\/p>\n<\/section>","protected":false},"excerpt":{"rendered":"<p>[vc_row][vc_column offset=\u00a0\u00bbvc_col-lg-offset-1 vc_col-lg-10&Prime;][\/vc_column][\/vc_row][vc_row][vc_column][vc_column_text] [\/vc_column_text][\/vc_column][\/vc_row]<\/p>\n","protected":false},"author":1,"featured_media":7145,"parent":0,"menu_order":2,"comment_status":"closed","ping_status":"closed","template":"","meta":{"_coblocks_attr":"","_coblocks_dimensions":"","_coblocks_responsive_height":"","_coblocks_accordion_ie_support":"","footnotes":""},"class_list":["post-9179","page","type-page","status-publish","has-post-thumbnail","hentry"],"yoast_head":"<!-- This site is optimized with the Yoast SEO plugin v27.5 - https:\/\/yoast.com\/product\/yoast-seo-wordpress\/ -->\n<title>Design - Soulbricks<\/title>\n<meta name=\"robots\" content=\"index, follow, max-snippet:-1, max-image-preview:large, max-video-preview:-1\" \/>\n<link rel=\"canonical\" href=\"https:\/\/soulbricks.com\/fr\/design\/\" \/>\n<meta property=\"og:locale\" content=\"fr_FR\" \/>\n<meta property=\"og:type\" content=\"article\" \/>\n<meta property=\"og:title\" content=\"Design - Soulbricks\" \/>\n<meta property=\"og:description\" content=\"[vc_row][vc_column offset=\u00a0\u00bbvc_col-lg-offset-1 vc_col-lg-10&Prime;][\/vc_column][\/vc_row][vc_row][vc_column][vc_column_text] [\/vc_column_text][\/vc_column][\/vc_row]\" \/>\n<meta property=\"og:url\" content=\"https:\/\/soulbricks.com\/fr\/design\/\" \/>\n<meta property=\"og:site_name\" content=\"Soulbricks\" \/>\n<meta property=\"article:modified_time\" content=\"2025-09-16T18:05:37+00:00\" \/>\n<meta property=\"og:image\" content=\"https:\/\/soulbricks.com\/wp-content\/uploads\/2020\/09\/sketch_bw_header.jpg\" \/>\n\t<meta property=\"og:image:width\" content=\"1920\" \/>\n\t<meta property=\"og:image:height\" content=\"1100\" \/>\n\t<meta property=\"og:image:type\" content=\"image\/jpeg\" \/>\n<meta name=\"twitter:card\" content=\"summary_large_image\" \/>\n<meta name=\"twitter:label1\" content=\"Dur\u00e9e de lecture estim\u00e9e\" \/>\n\t<meta name=\"twitter:data1\" content=\"2 minutes\" \/>\n<script type=\"application\/ld+json\" class=\"yoast-schema-graph\">{\"@context\":\"https:\\\/\\\/schema.org\",\"@graph\":[{\"@type\":\"WebPage\",\"@id\":\"https:\\\/\\\/soulbricks.com\\\/fr\\\/design\\\/\",\"url\":\"https:\\\/\\\/soulbricks.com\\\/fr\\\/design\\\/\",\"name\":\"Design - Soulbricks\",\"isPartOf\":{\"@id\":\"https:\\\/\\\/soulbricks.com\\\/fr\\\/#website\"},\"primaryImageOfPage\":{\"@id\":\"https:\\\/\\\/soulbricks.com\\\/fr\\\/design\\\/#primaryimage\"},\"image\":{\"@id\":\"https:\\\/\\\/soulbricks.com\\\/fr\\\/design\\\/#primaryimage\"},\"thumbnailUrl\":\"https:\\\/\\\/soulbricks.com\\\/wp-content\\\/uploads\\\/2020\\\/09\\\/sketch_bw_header.jpg\",\"datePublished\":\"2024-02-27T15:39:27+00:00\",\"dateModified\":\"2025-09-16T18:05:37+00:00\",\"breadcrumb\":{\"@id\":\"https:\\\/\\\/soulbricks.com\\\/fr\\\/design\\\/#breadcrumb\"},\"inLanguage\":\"fr-FR\",\"potentialAction\":[{\"@type\":\"ReadAction\",\"target\":[\"https:\\\/\\\/soulbricks.com\\\/fr\\\/design\\\/\"]}]},{\"@type\":\"ImageObject\",\"inLanguage\":\"fr-FR\",\"@id\":\"https:\\\/\\\/soulbricks.com\\\/fr\\\/design\\\/#primaryimage\",\"url\":\"https:\\\/\\\/soulbricks.com\\\/wp-content\\\/uploads\\\/2020\\\/09\\\/sketch_bw_header.jpg\",\"contentUrl\":\"https:\\\/\\\/soulbricks.com\\\/wp-content\\\/uploads\\\/2020\\\/09\\\/sketch_bw_header.jpg\",\"width\":1920,\"height\":1100,\"caption\":\"Conception, Conseil, Gestion | Soulbricks Gent\"},{\"@type\":\"BreadcrumbList\",\"@id\":\"https:\\\/\\\/soulbricks.com\\\/fr\\\/design\\\/#breadcrumb\",\"itemListElement\":[{\"@type\":\"ListItem\",\"position\":1,\"name\":\"Home\",\"item\":\"https:\\\/\\\/soulbricks.com\\\/fr\\\/\"},{\"@type\":\"ListItem\",\"position\":2,\"name\":\"Design\"}]},{\"@type\":\"WebSite\",\"@id\":\"https:\\\/\\\/soulbricks.com\\\/fr\\\/#website\",\"url\":\"https:\\\/\\\/soulbricks.com\\\/fr\\\/\",\"name\":\"Soulbricks\",\"description\":\"Creating Rewarding &amp; Unique Spaces\",\"publisher\":{\"@id\":\"https:\\\/\\\/soulbricks.com\\\/fr\\\/#organization\"},\"potentialAction\":[{\"@type\":\"SearchAction\",\"target\":{\"@type\":\"EntryPoint\",\"urlTemplate\":\"https:\\\/\\\/soulbricks.com\\\/fr\\\/?s={search_term_string}\"},\"query-input\":{\"@type\":\"PropertyValueSpecification\",\"valueRequired\":true,\"valueName\":\"search_term_string\"}}],\"inLanguage\":\"fr-FR\"},{\"@type\":\"Organization\",\"@id\":\"https:\\\/\\\/soulbricks.com\\\/fr\\\/#organization\",\"name\":\"Soulbricks\",\"url\":\"https:\\\/\\\/soulbricks.com\\\/fr\\\/\",\"logo\":{\"@type\":\"ImageObject\",\"inLanguage\":\"fr-FR\",\"@id\":\"https:\\\/\\\/soulbricks.com\\\/fr\\\/#\\\/schema\\\/logo\\\/image\\\/\",\"url\":\"https:\\\/\\\/95d3ca.n3cdn1.secureserver.net\\\/wp-content\\\/uploads\\\/2022\\\/12\\\/Schermafbeelding-2022-12-16-om-09.53.18.png?time=1671180822\",\"contentUrl\":\"https:\\\/\\\/95d3ca.n3cdn1.secureserver.net\\\/wp-content\\\/uploads\\\/2022\\\/12\\\/Schermafbeelding-2022-12-16-om-09.53.18.png?time=1671180822\",\"width\":578,\"height\":130,\"caption\":\"Soulbricks\"},\"image\":{\"@id\":\"https:\\\/\\\/soulbricks.com\\\/fr\\\/#\\\/schema\\\/logo\\\/image\\\/\"}}]}<\/script>\n<!-- \/ Yoast SEO plugin. -->","yoast_head_json":{"title":"Design - Soulbricks","robots":{"index":"index","follow":"follow","max-snippet":"max-snippet:-1","max-image-preview":"max-image-preview:large","max-video-preview":"max-video-preview:-1"},"canonical":"https:\/\/soulbricks.com\/fr\/design\/","og_locale":"fr_FR","og_type":"article","og_title":"Design - Soulbricks","og_description":"[vc_row][vc_column offset=\u00a0\u00bbvc_col-lg-offset-1 vc_col-lg-10&Prime;][\/vc_column][\/vc_row][vc_row][vc_column][vc_column_text] [\/vc_column_text][\/vc_column][\/vc_row]","og_url":"https:\/\/soulbricks.com\/fr\/design\/","og_site_name":"Soulbricks","article_modified_time":"2025-09-16T18:05:37+00:00","og_image":[{"width":1920,"height":1100,"url":"https:\/\/soulbricks.com\/wp-content\/uploads\/2020\/09\/sketch_bw_header.jpg","type":"image\/jpeg"}],"twitter_card":"summary_large_image","twitter_misc":{"Dur\u00e9e de lecture estim\u00e9e":"2 minutes"},"schema":{"@context":"https:\/\/schema.org","@graph":[{"@type":"WebPage","@id":"https:\/\/soulbricks.com\/fr\/design\/","url":"https:\/\/soulbricks.com\/fr\/design\/","name":"Design - Soulbricks","isPartOf":{"@id":"https:\/\/soulbricks.com\/fr\/#website"},"primaryImageOfPage":{"@id":"https:\/\/soulbricks.com\/fr\/design\/#primaryimage"},"image":{"@id":"https:\/\/soulbricks.com\/fr\/design\/#primaryimage"},"thumbnailUrl":"https:\/\/soulbricks.com\/wp-content\/uploads\/2020\/09\/sketch_bw_header.jpg","datePublished":"2024-02-27T15:39:27+00:00","dateModified":"2025-09-16T18:05:37+00:00","breadcrumb":{"@id":"https:\/\/soulbricks.com\/fr\/design\/#breadcrumb"},"inLanguage":"fr-FR","potentialAction":[{"@type":"ReadAction","target":["https:\/\/soulbricks.com\/fr\/design\/"]}]},{"@type":"ImageObject","inLanguage":"fr-FR","@id":"https:\/\/soulbricks.com\/fr\/design\/#primaryimage","url":"https:\/\/soulbricks.com\/wp-content\/uploads\/2020\/09\/sketch_bw_header.jpg","contentUrl":"https:\/\/soulbricks.com\/wp-content\/uploads\/2020\/09\/sketch_bw_header.jpg","width":1920,"height":1100,"caption":"Conception, Conseil, Gestion | Soulbricks Gent"},{"@type":"BreadcrumbList","@id":"https:\/\/soulbricks.com\/fr\/design\/#breadcrumb","itemListElement":[{"@type":"ListItem","position":1,"name":"Home","item":"https:\/\/soulbricks.com\/fr\/"},{"@type":"ListItem","position":2,"name":"Design"}]},{"@type":"WebSite","@id":"https:\/\/soulbricks.com\/fr\/#website","url":"https:\/\/soulbricks.com\/fr\/","name":"Soulbricks","description":"Creating Rewarding &amp; Unique Spaces","publisher":{"@id":"https:\/\/soulbricks.com\/fr\/#organization"},"potentialAction":[{"@type":"SearchAction","target":{"@type":"EntryPoint","urlTemplate":"https:\/\/soulbricks.com\/fr\/?s={search_term_string}"},"query-input":{"@type":"PropertyValueSpecification","valueRequired":true,"valueName":"search_term_string"}}],"inLanguage":"fr-FR"},{"@type":"Organization","@id":"https:\/\/soulbricks.com\/fr\/#organization","name":"Soulbricks","url":"https:\/\/soulbricks.com\/fr\/","logo":{"@type":"ImageObject","inLanguage":"fr-FR","@id":"https:\/\/soulbricks.com\/fr\/#\/schema\/logo\/image\/","url":"https:\/\/95d3ca.n3cdn1.secureserver.net\/wp-content\/uploads\/2022\/12\/Schermafbeelding-2022-12-16-om-09.53.18.png?time=1671180822","contentUrl":"https:\/\/95d3ca.n3cdn1.secureserver.net\/wp-content\/uploads\/2022\/12\/Schermafbeelding-2022-12-16-om-09.53.18.png?time=1671180822","width":578,"height":130,"caption":"Soulbricks"},"image":{"@id":"https:\/\/soulbricks.com\/fr\/#\/schema\/logo\/image\/"}}]}},"_links":{"self":[{"href":"https:\/\/soulbricks.com\/fr\/wp-json\/wp\/v2\/pages\/9179","targetHints":{"allow":["GET"]}}],"collection":[{"href":"https:\/\/soulbricks.com\/fr\/wp-json\/wp\/v2\/pages"}],"about":[{"href":"https:\/\/soulbricks.com\/fr\/wp-json\/wp\/v2\/types\/page"}],"author":[{"embeddable":true,"href":"https:\/\/soulbricks.com\/fr\/wp-json\/wp\/v2\/users\/1"}],"replies":[{"embeddable":true,"href":"https:\/\/soulbricks.com\/fr\/wp-json\/wp\/v2\/comments?post=9179"}],"version-history":[{"count":5,"href":"https:\/\/soulbricks.com\/fr\/wp-json\/wp\/v2\/pages\/9179\/revisions"}],"predecessor-version":[{"id":10160,"href":"https:\/\/soulbricks.com\/fr\/wp-json\/wp\/v2\/pages\/9179\/revisions\/10160"}],"wp:featuredmedia":[{"embeddable":true,"href":"https:\/\/soulbricks.com\/fr\/wp-json\/wp\/v2\/media\/7145"}],"wp:attachment":[{"href":"https:\/\/soulbricks.com\/fr\/wp-json\/wp\/v2\/media?parent=9179"}],"curies":[{"name":"wp","href":"https:\/\/api.w.org\/{rel}","templated":true}]}}