{"id":7188,"date":"2021-07-21T07:47:12","date_gmt":"2021-07-21T07:47:12","guid":{"rendered":"https:\/\/soulbricks.com\/contactez-nous\/"},"modified":"2024-07-06T07:18:15","modified_gmt":"2024-07-06T07:18:15","slug":"contactez-nous","status":"publish","type":"page","link":"https:\/\/soulbricks.com\/fr\/contactez-nous\/","title":{"rendered":"Contactez-nous"},"content":{"rendered":"<section class=\"wpb-content-wrapper\"><p>[vc_row gap=\u00a0\u00bb35&Prime; content_placement=\u00a0\u00bbtop\u00a0\u00bb row_content_width=\u00a0\u00bbgrid\u00a0\u00bb][vc_column offset=\u00a0\u00bbvc_col-lg-6 vc_col-md-12 vc_col-xs-12&Prime; css=\u00a0\u00bb.vc_custom_1539167341461{padding-right: 0px !important;}\u00a0\u00bb]<div class=\"qodef-elements-holder   qodef-one-column  qodef-responsive-mode-768 \" ><div class=\"qodef-eh-item    \"  data-item-class=\"qodef-eh-custom-6027\" data-1367-1600=\"0px 0 102px 38px\" data-1025-1366=\"0px 0 102px 38px\" data-769-1024=\"0px 0 47px\" data-681-768=\"0px 0 47px\" data-680=\"0px 0 47px\">\n\t<div class=\"qodef-eh-item-inner\">\n\t\t<div class=\"qodef-eh-item-content qodef-eh-custom-6027\" style=\"padding: 121px 0 102px 0\">\n\t\t\t[vc_column_text]<\/p>\n<h1>Contactez-nous<\/h1>\n<p>[\/vc_column_text][vc_column_text]Vous avez une question ou souhaitez obtenir plus d&rsquo;informations ? Contactez-nous en utilisant le formulaire ou appelez-nous au : <a href=\"tel:+32%20(0)%209%20265%2071%2033\">+32 (0) 9 265 71 33<\/a>.[\/vc_column_text][vc_empty_space height=\u00a0\u00bb20px\u00a0\u00bb]\n<div class=\"wpcf7 no-js\" id=\"wpcf7-f7440-o1\" lang=\"fr-FR\" dir=\"ltr\" data-wpcf7-id=\"7440\">\n<div class=\"screen-reader-response\"><p role=\"status\" aria-live=\"polite\" aria-atomic=\"true\"><\/p> <ul><\/ul><\/div>\n<form action=\"\/fr\/wp-json\/wp\/v2\/pages\/7188#wpcf7-f7440-o1\" method=\"post\" class=\"wpcf7-form init 36b3f8340ede cmatic-conn cmatic-aud-2 cmatic-mapd0-0 cmatic-v097803 cmatic-sent-0 cmatic-total-62\" aria-label=\"Formulaire de contact\" novalidate=\"novalidate\" data-status=\"init\">\n<fieldset class=\"hidden-fields-container\"><input type=\"hidden\" name=\"_wpcf7\" value=\"7440\" \/><input type=\"hidden\" name=\"_wpcf7_version\" value=\"6.1.5\" \/><input type=\"hidden\" name=\"_wpcf7_locale\" value=\"fr_FR\" \/><input type=\"hidden\" name=\"_wpcf7_unit_tag\" value=\"wpcf7-f7440-o1\" \/><input type=\"hidden\" name=\"_wpcf7_container_post\" value=\"0\" \/><input type=\"hidden\" name=\"_wpcf7_posted_data_hash\" value=\"\" \/><input type=\"hidden\" name=\"_wpcf7_recaptcha_response\" value=\"\" \/>\n<\/fieldset>\n<div class=\"qodef-cf7-contact\">\n<div style=\"float:left;width:50%;\" width=\"50%\"><span class=\"wpcf7-form-control-wrap\" data-name=\"first-name\"><input size=\"40\" maxlength=\"400\" class=\"wpcf7-form-control wpcf7-text wpcf7-validates-as-required\" aria-required=\"true\" aria-invalid=\"false\" placeholder=\"Pr\u00e9nom*\" value=\"\" type=\"text\" name=\"first-name\" \/><\/span><\/div> <div style=\"float:right;width:50%;\" width=\"50%\"><span class=\"wpcf7-form-control-wrap\" data-name=\"last-name\"><input size=\"40\" maxlength=\"400\" class=\"wpcf7-form-control wpcf7-text wpcf7-validates-as-required\" aria-required=\"true\" aria-invalid=\"false\" placeholder=\"Nom de famille*\" value=\"\" type=\"text\" name=\"last-name\" \/><\/span><\/div>\n<span class=\"wpcf7-form-control-wrap\" data-name=\"your-email\"><input size=\"40\" maxlength=\"400\" class=\"wpcf7-form-control wpcf7-email wpcf7-validates-as-required wpcf7-text wpcf7-validates-as-email\" aria-required=\"true\" aria-invalid=\"false\" placeholder=\"Votre adresse \u00e9lectronique*\" value=\"\" type=\"email\" name=\"your-email\" \/><\/span>\n<span class=\"wpcf7-form-control-wrap\" data-name=\"your-phone\"><input size=\"40\" maxlength=\"400\" class=\"wpcf7-form-control wpcf7-tel wpcf7-validates-as-required wpcf7-text wpcf7-validates-as-tel\" aria-required=\"true\" aria-invalid=\"false\" placeholder=\"Votre num\u00e9ro de t\u00e9l\u00e9phone*\" value=\"\" type=\"tel\" name=\"your-phone\" \/><\/span>\n<span class=\"wpcf7-form-control-wrap\" data-name=\"your-message\"><textarea cols=\"10\" rows=\"3\" maxlength=\"2000\" class=\"wpcf7-form-control wpcf7-textarea\" aria-invalid=\"false\" placeholder=\"Votre Message\" name=\"your-message\"><\/textarea><\/span>\n<br>\n<button type=\"submit\" class=\"qodef-btn qodef-btn-solid\"><span class=\"qodef-btn-line-holder\"><span class=\"qodef-btn-line-top\"><\/span><span class=\"qodef-btn-line\"><\/span><span class=\"qodef-btn-line-bottom\"><\/span><\/span><span class=\"qodef-btn-text\">Envoyer<\/span><\/button>\n<\/div><p style=\"display: none !important;\" class=\"akismet-fields-container\" data-prefix=\"_wpcf7_ak_\"><label>&#916;<textarea name=\"_wpcf7_ak_hp_textarea\" cols=\"45\" rows=\"8\" maxlength=\"100\"><\/textarea><\/label><input type=\"hidden\" id=\"ak_js_1\" name=\"_wpcf7_ak_js\" value=\"28\"\/><script type=\"text\/javascript\">\n\/* <![CDATA[ *\/\ndocument.getElementById( \"ak_js_1\" ).setAttribute( \"value\", ( new Date() ).getTime() );\n\/* ]]> *\/\n<\/script>\n<\/p><div class=\"wpcf7-response-output\" aria-hidden=\"true\"><\/div>\n<\/form>\n<\/div>\n\t\t<\/div>\n\t<\/div>\n<\/div><\/div>[\/vc_column][vc_column offset=\u00a0\u00bbvc_col-lg-6 vc_col-md-12 vc_col-xs-12&Prime; css=\u00a0\u00bb.vc_custom_1539181449854{padding-left: 0px !important;}\u00a0\u00bb]<div class=\"qodef-elements-holder   qodef-one-column  qodef-responsive-mode-768 \" ><div class=\"qodef-eh-item    \"  data-item-class=\"qodef-eh-custom-1754\" data-1367-1600=\"5px 1% 40px 50px\" data-1025-1366=\"5px 1% 40px 50px\" data-769-1024=\"0 0 99px 15px\" data-681-768=\"0 0 99px 15px\" data-680=\"0 0 99px 15px\">\n\t<div class=\"qodef-eh-item-inner\">\n\t\t<div class=\"qodef-eh-item-content qodef-eh-custom-1754\" style=\"padding: 5px 2% 44px 55px\">\n\t\t\t<div class=\"qodef-image-gallery  qodef-ig-slider-type qodef-three-columns qodef-no-space  qodef-image-behavior-zoom qodef-pagination-position-left\">\n\t<div class=\"qodef-ig-slider qodef-owl-slider\" data-number-of-items=\"1\" data-enable-loop=\"yes\" data-enable-autoplay=\"yes\" data-slider-speed=\"5000\" data-slider-speed-animation=\"600\" data-slider-padding=\"no\" data-enable-navigation=\"no\" data-enable-pagination=\"yes\">\n\t\t\t\t\t<div class=\"qodef-ig-image\">\n\t\t\t\t\t\t\t\t\t<img loading=\"lazy\" decoding=\"async\" width=\"1501\" height=\"1706\" src=\"https:\/\/soulbricks.com\/wp-content\/uploads\/2024\/06\/DSC02970-scaled-e1718439610317.jpg\" class=\"attachment-full size-full\" alt=\"\" srcset=\"https:\/\/soulbricks.com\/wp-content\/uploads\/2024\/06\/DSC02970-scaled-e1718439610317.jpg 1501w, https:\/\/soulbricks.com\/wp-content\/uploads\/2024\/06\/DSC02970-scaled-e1718439610317-264x300.jpg 264w, https:\/\/soulbricks.com\/wp-content\/uploads\/2024\/06\/DSC02970-scaled-e1718439610317-901x1024.jpg 901w, https:\/\/soulbricks.com\/wp-content\/uploads\/2024\/06\/DSC02970-scaled-e1718439610317-768x873.jpg 768w, https:\/\/soulbricks.com\/wp-content\/uploads\/2024\/06\/DSC02970-scaled-e1718439610317-1351x1536.jpg 1351w\" sizes=\"auto, (max-width: 1501px) 100vw, 1501px\" \/>\t\t\t\t\t\t\t<\/div>\n\t\t\t\t\t<div class=\"qodef-ig-image\">\n\t\t\t\t\t\t\t\t\t<img loading=\"lazy\" decoding=\"async\" width=\"1501\" height=\"1706\" src=\"https:\/\/soulbricks.com\/wp-content\/uploads\/2024\/06\/DSC03026-scaled-e1718439651211.jpg\" class=\"attachment-full size-full\" alt=\"\" srcset=\"https:\/\/soulbricks.com\/wp-content\/uploads\/2024\/06\/DSC03026-scaled-e1718439651211.jpg 1501w, https:\/\/soulbricks.com\/wp-content\/uploads\/2024\/06\/DSC03026-scaled-e1718439651211-264x300.jpg 264w, https:\/\/soulbricks.com\/wp-content\/uploads\/2024\/06\/DSC03026-scaled-e1718439651211-901x1024.jpg 901w, https:\/\/soulbricks.com\/wp-content\/uploads\/2024\/06\/DSC03026-scaled-e1718439651211-768x873.jpg 768w, https:\/\/soulbricks.com\/wp-content\/uploads\/2024\/06\/DSC03026-scaled-e1718439651211-1351x1536.jpg 1351w\" sizes=\"auto, (max-width: 1501px) 100vw, 1501px\" \/>\t\t\t\t\t\t\t<\/div>\n\t\t\t\t\t<div class=\"qodef-ig-image\">\n\t\t\t\t\t\t\t\t\t<img loading=\"lazy\" decoding=\"async\" width=\"1501\" height=\"1706\" src=\"https:\/\/soulbricks.com\/wp-content\/uploads\/2024\/06\/DSC03037-scaled-e1718439685807.jpg\" class=\"attachment-full size-full\" alt=\"\" srcset=\"https:\/\/soulbricks.com\/wp-content\/uploads\/2024\/06\/DSC03037-scaled-e1718439685807.jpg 1501w, https:\/\/soulbricks.com\/wp-content\/uploads\/2024\/06\/DSC03037-scaled-e1718439685807-264x300.jpg 264w, https:\/\/soulbricks.com\/wp-content\/uploads\/2024\/06\/DSC03037-scaled-e1718439685807-901x1024.jpg 901w, https:\/\/soulbricks.com\/wp-content\/uploads\/2024\/06\/DSC03037-scaled-e1718439685807-768x873.jpg 768w, https:\/\/soulbricks.com\/wp-content\/uploads\/2024\/06\/DSC03037-scaled-e1718439685807-1351x1536.jpg 1351w\" sizes=\"auto, (max-width: 1501px) 100vw, 1501px\" \/>\t\t\t\t\t\t\t<\/div>\n\t\t\t<\/div>\n<\/div>\n\t\t<\/div>\n\t<\/div>\n<\/div><\/div>[\/vc_column][\/vc_row]<\/p>\n<\/section>","protected":false},"excerpt":{"rendered":"<p>[vc_row gap=\u00a0\u00bb35&Prime; content_placement=\u00a0\u00bbtop\u00a0\u00bb row_content_width=\u00a0\u00bbgrid\u00a0\u00bb][vc_column offset=\u00a0\u00bbvc_col-lg-6 vc_col-md-12 vc_col-xs-12&Prime; css=\u00a0\u00bb.vc_custom_1539167341461{padding-right: 0px !important;}\u00a0\u00bb][\/vc_column][vc_column offset=\u00a0\u00bbvc_col-lg-6 vc_col-md-12 vc_col-xs-12&Prime; css=\u00a0\u00bb.vc_custom_1539181449854{padding-left: 0px !important;}\u00a0\u00bb][\/vc_column][\/vc_row]<\/p>\n","protected":false},"author":1,"featured_media":0,"parent":0,"menu_order":8,"comment_status":"closed","ping_status":"closed","template":"full-width.php","meta":{"_coblocks_attr":"","_coblocks_dimensions":"","_coblocks_responsive_height":"","_coblocks_accordion_ie_support":"","footnotes":""},"class_list":["post-7188","page","type-page","status-publish","hentry"],"yoast_head":"<!-- This site is optimized with the Yoast SEO plugin v27.5 - https:\/\/yoast.com\/product\/yoast-seo-wordpress\/ -->\n<title>Contactez-nous - Soulbricks<\/title>\n<meta name=\"robots\" content=\"index, follow, max-snippet:-1, max-image-preview:large, max-video-preview:-1\" \/>\n<link rel=\"canonical\" href=\"https:\/\/soulbricks.com\/fr\/contactez-nous\/\" \/>\n<meta property=\"og:locale\" content=\"fr_FR\" \/>\n<meta property=\"og:type\" content=\"article\" \/>\n<meta property=\"og:title\" content=\"Contactez-nous - Soulbricks\" \/>\n<meta property=\"og:description\" content=\"[vc_row gap=\u00a0\u00bb35&Prime; content_placement=\u00a0\u00bbtop\u00a0\u00bb row_content_width=\u00a0\u00bbgrid\u00a0\u00bb][vc_column offset=\u00a0\u00bbvc_col-lg-6 vc_col-md-12 vc_col-xs-12&Prime; css=\u00a0\u00bb.vc_custom_1539167341461{padding-right: 0px !important;}\u00a0\u00bb][\/vc_column][vc_column offset=\u00a0\u00bbvc_col-lg-6 vc_col-md-12 vc_col-xs-12&Prime; css=\u00a0\u00bb.vc_custom_1539181449854{padding-left: 0px !important;}\u00a0\u00bb][\/vc_column][\/vc_row]\" \/>\n<meta property=\"og:url\" content=\"https:\/\/soulbricks.com\/fr\/contactez-nous\/\" \/>\n<meta property=\"og:site_name\" content=\"Soulbricks\" \/>\n<meta property=\"article:modified_time\" content=\"2024-07-06T07:18:15+00:00\" \/>\n<meta name=\"twitter:card\" content=\"summary_large_image\" \/>\n<meta name=\"twitter:label1\" content=\"Dur\u00e9e de lecture estim\u00e9e\" \/>\n\t<meta name=\"twitter:data1\" content=\"1 minute\" \/>\n<script type=\"application\/ld+json\" class=\"yoast-schema-graph\">{\"@context\":\"https:\\\/\\\/schema.org\",\"@graph\":[{\"@type\":\"WebPage\",\"@id\":\"https:\\\/\\\/soulbricks.com\\\/fr\\\/contactez-nous\\\/\",\"url\":\"https:\\\/\\\/soulbricks.com\\\/fr\\\/contactez-nous\\\/\",\"name\":\"Contactez-nous - Soulbricks\",\"isPartOf\":{\"@id\":\"https:\\\/\\\/soulbricks.com\\\/fr\\\/#website\"},\"datePublished\":\"2021-07-21T07:47:12+00:00\",\"dateModified\":\"2024-07-06T07:18:15+00:00\",\"breadcrumb\":{\"@id\":\"https:\\\/\\\/soulbricks.com\\\/fr\\\/contactez-nous\\\/#breadcrumb\"},\"inLanguage\":\"fr-FR\",\"potentialAction\":[{\"@type\":\"ReadAction\",\"target\":[\"https:\\\/\\\/soulbricks.com\\\/fr\\\/contactez-nous\\\/\"]}]},{\"@type\":\"BreadcrumbList\",\"@id\":\"https:\\\/\\\/soulbricks.com\\\/fr\\\/contactez-nous\\\/#breadcrumb\",\"itemListElement\":[{\"@type\":\"ListItem\",\"position\":1,\"name\":\"Home\",\"item\":\"https:\\\/\\\/soulbricks.com\\\/fr\\\/\"},{\"@type\":\"ListItem\",\"position\":2,\"name\":\"Contactez-nous\"}]},{\"@type\":\"WebSite\",\"@id\":\"https:\\\/\\\/soulbricks.com\\\/fr\\\/#website\",\"url\":\"https:\\\/\\\/soulbricks.com\\\/fr\\\/\",\"name\":\"Soulbricks\",\"description\":\"Creating Rewarding &amp; Unique Spaces\",\"publisher\":{\"@id\":\"https:\\\/\\\/soulbricks.com\\\/fr\\\/#organization\"},\"potentialAction\":[{\"@type\":\"SearchAction\",\"target\":{\"@type\":\"EntryPoint\",\"urlTemplate\":\"https:\\\/\\\/soulbricks.com\\\/fr\\\/?s={search_term_string}\"},\"query-input\":{\"@type\":\"PropertyValueSpecification\",\"valueRequired\":true,\"valueName\":\"search_term_string\"}}],\"inLanguage\":\"fr-FR\"},{\"@type\":\"Organization\",\"@id\":\"https:\\\/\\\/soulbricks.com\\\/fr\\\/#organization\",\"name\":\"Soulbricks\",\"url\":\"https:\\\/\\\/soulbricks.com\\\/fr\\\/\",\"logo\":{\"@type\":\"ImageObject\",\"inLanguage\":\"fr-FR\",\"@id\":\"https:\\\/\\\/soulbricks.com\\\/fr\\\/#\\\/schema\\\/logo\\\/image\\\/\",\"url\":\"https:\\\/\\\/95d3ca.n3cdn1.secureserver.net\\\/wp-content\\\/uploads\\\/2022\\\/12\\\/Schermafbeelding-2022-12-16-om-09.53.18.png?time=1671180822\",\"contentUrl\":\"https:\\\/\\\/95d3ca.n3cdn1.secureserver.net\\\/wp-content\\\/uploads\\\/2022\\\/12\\\/Schermafbeelding-2022-12-16-om-09.53.18.png?time=1671180822\",\"width\":578,\"height\":130,\"caption\":\"Soulbricks\"},\"image\":{\"@id\":\"https:\\\/\\\/soulbricks.com\\\/fr\\\/#\\\/schema\\\/logo\\\/image\\\/\"}}]}<\/script>\n<!-- \/ Yoast SEO plugin. -->","yoast_head_json":{"title":"Contactez-nous - Soulbricks","robots":{"index":"index","follow":"follow","max-snippet":"max-snippet:-1","max-image-preview":"max-image-preview:large","max-video-preview":"max-video-preview:-1"},"canonical":"https:\/\/soulbricks.com\/fr\/contactez-nous\/","og_locale":"fr_FR","og_type":"article","og_title":"Contactez-nous - Soulbricks","og_description":"[vc_row gap=\u00a0\u00bb35&Prime; content_placement=\u00a0\u00bbtop\u00a0\u00bb row_content_width=\u00a0\u00bbgrid\u00a0\u00bb][vc_column offset=\u00a0\u00bbvc_col-lg-6 vc_col-md-12 vc_col-xs-12&Prime; css=\u00a0\u00bb.vc_custom_1539167341461{padding-right: 0px !important;}\u00a0\u00bb][\/vc_column][vc_column offset=\u00a0\u00bbvc_col-lg-6 vc_col-md-12 vc_col-xs-12&Prime; css=\u00a0\u00bb.vc_custom_1539181449854{padding-left: 0px !important;}\u00a0\u00bb][\/vc_column][\/vc_row]","og_url":"https:\/\/soulbricks.com\/fr\/contactez-nous\/","og_site_name":"Soulbricks","article_modified_time":"2024-07-06T07:18:15+00:00","twitter_card":"summary_large_image","twitter_misc":{"Dur\u00e9e de lecture estim\u00e9e":"1 minute"},"schema":{"@context":"https:\/\/schema.org","@graph":[{"@type":"WebPage","@id":"https:\/\/soulbricks.com\/fr\/contactez-nous\/","url":"https:\/\/soulbricks.com\/fr\/contactez-nous\/","name":"Contactez-nous - Soulbricks","isPartOf":{"@id":"https:\/\/soulbricks.com\/fr\/#website"},"datePublished":"2021-07-21T07:47:12+00:00","dateModified":"2024-07-06T07:18:15+00:00","breadcrumb":{"@id":"https:\/\/soulbricks.com\/fr\/contactez-nous\/#breadcrumb"},"inLanguage":"fr-FR","potentialAction":[{"@type":"ReadAction","target":["https:\/\/soulbricks.com\/fr\/contactez-nous\/"]}]},{"@type":"BreadcrumbList","@id":"https:\/\/soulbricks.com\/fr\/contactez-nous\/#breadcrumb","itemListElement":[{"@type":"ListItem","position":1,"name":"Home","item":"https:\/\/soulbricks.com\/fr\/"},{"@type":"ListItem","position":2,"name":"Contactez-nous"}]},{"@type":"WebSite","@id":"https:\/\/soulbricks.com\/fr\/#website","url":"https:\/\/soulbricks.com\/fr\/","name":"Soulbricks","description":"Creating Rewarding &amp; Unique Spaces","publisher":{"@id":"https:\/\/soulbricks.com\/fr\/#organization"},"potentialAction":[{"@type":"SearchAction","target":{"@type":"EntryPoint","urlTemplate":"https:\/\/soulbricks.com\/fr\/?s={search_term_string}"},"query-input":{"@type":"PropertyValueSpecification","valueRequired":true,"valueName":"search_term_string"}}],"inLanguage":"fr-FR"},{"@type":"Organization","@id":"https:\/\/soulbricks.com\/fr\/#organization","name":"Soulbricks","url":"https:\/\/soulbricks.com\/fr\/","logo":{"@type":"ImageObject","inLanguage":"fr-FR","@id":"https:\/\/soulbricks.com\/fr\/#\/schema\/logo\/image\/","url":"https:\/\/95d3ca.n3cdn1.secureserver.net\/wp-content\/uploads\/2022\/12\/Schermafbeelding-2022-12-16-om-09.53.18.png?time=1671180822","contentUrl":"https:\/\/95d3ca.n3cdn1.secureserver.net\/wp-content\/uploads\/2022\/12\/Schermafbeelding-2022-12-16-om-09.53.18.png?time=1671180822","width":578,"height":130,"caption":"Soulbricks"},"image":{"@id":"https:\/\/soulbricks.com\/fr\/#\/schema\/logo\/image\/"}}]}},"_links":{"self":[{"href":"https:\/\/soulbricks.com\/fr\/wp-json\/wp\/v2\/pages\/7188","targetHints":{"allow":["GET"]}}],"collection":[{"href":"https:\/\/soulbricks.com\/fr\/wp-json\/wp\/v2\/pages"}],"about":[{"href":"https:\/\/soulbricks.com\/fr\/wp-json\/wp\/v2\/types\/page"}],"author":[{"embeddable":true,"href":"https:\/\/soulbricks.com\/fr\/wp-json\/wp\/v2\/users\/1"}],"replies":[{"embeddable":true,"href":"https:\/\/soulbricks.com\/fr\/wp-json\/wp\/v2\/comments?post=7188"}],"version-history":[{"count":6,"href":"https:\/\/soulbricks.com\/fr\/wp-json\/wp\/v2\/pages\/7188\/revisions"}],"predecessor-version":[{"id":9910,"href":"https:\/\/soulbricks.com\/fr\/wp-json\/wp\/v2\/pages\/7188\/revisions\/9910"}],"wp:attachment":[{"href":"https:\/\/soulbricks.com\/fr\/wp-json\/wp\/v2\/media?parent=7188"}],"curies":[{"name":"wp","href":"https:\/\/api.w.org\/{rel}","templated":true}]}}