{"id":7163,"date":"2018-10-11T10:19:03","date_gmt":"2018-10-11T10:19:03","guid":{"rendered":"https:\/\/soulbricks.com\/a-propos-de\/"},"modified":"2025-08-28T16:51:42","modified_gmt":"2025-08-28T16:51:42","slug":"a-propos-de-nous","status":"publish","type":"page","link":"https:\/\/soulbricks.com\/fr\/a-propos-de-nous\/","title":{"rendered":"A propos de nous"},"content":{"rendered":"<section class=\"wpb-content-wrapper\"><p>[vc_row][vc_column offset=\u00a0\u00bbvc_col-lg-offset-1 vc_col-lg-10&Prime;]<div class=\"qodef-elements-holder   qodef-one-column  qodef-responsive-mode-768 \" ><div class=\"qodef-eh-item    \"  data-item-class=\"qodef-eh-custom-7354\" data-681-768=\"50px 0 57px 0\" data-680=\"50px 0 57px 0\">\n\t<div class=\"qodef-eh-item-inner\">\n\t\t<div class=\"qodef-eh-item-content qodef-eh-custom-7354\" style=\"padding: 115px 0 25px 0\">\n\t\t\t[vc_column_text]<\/p>\n<h1><strong>A propos de nous<\/strong><\/h1>\n<p>[\/vc_column_text][vc_empty_space height=\u00a0\u00bb30&Prime;][vc_column_text]Un b\u00e2timent vacant exige une utilisation durable. Votre bras droit pour exploiter efficacement ces surfaces est Soulbricks. Nous sommes en activit\u00e9 depuis <strong>25 ans<\/strong>, ce qui garantit que nous disposons des donn\u00e9es et des connaissances n\u00e9cessaires \u00e0 la r\u00e9alisation d&rsquo;une <strong>formule r\u00e9ussie<\/strong>.<\/p>\n<p>Nous nous chargeons de <strong>l&rsquo;am\u00e9nagement de vos bureaux et des espaces communs<\/strong> tels que la r\u00e9ception, les espaces de sport et de d\u00e9tente et les espaces de coworking. Soulbricks vous aide ainsi \u00e0 fa\u00e7onner votre concept, \u00e0 d\u00e9velopper l&rsquo;architecture et \u00e0 \u00e9laborer le cadre de service.<\/p>\n<div id=\"ConnectiveDocSignExtentionInstalled\" data-extension-version=\"1.0.4\"><\/div>\n<div id=\"ConnectiveDocSignExtentionInstalled\" data-extension-version=\"1.0.4\"><\/div>\n<p>[\/vc_column_text][vc_empty_space height=\u00a0\u00bb50px\u00a0\u00bb][vc_images_carousel images=\u00a0\u00bb8190,8159,8162,8165,8168&Prime; img_size=\u00a0\u00bbfull\u00a0\u00bb onclick=\u00a0\u00bblink_no\u00a0\u00bb el_class=\u00a0\u00bbhidden\u00a0\u00bb][vc_column_text]<\/p>\n<h2><strong>Notre \u00e9quipe<\/strong><\/h2>\n<p>[\/vc_column_text]\t\t<\/div>\n\t<\/div>\n<\/div><\/div><div class=\"qodef-elements-holder   qodef-one-column  qodef-responsive-mode-768 qodef-one-column-alignment-left\" ><div class=\"qodef-eh-item    \"  data-item-class=\"qodef-eh-custom-7882\">\n\t<div class=\"qodef-eh-item-inner\">\n\t\t<div class=\"qodef-eh-item-content qodef-eh-custom-7882\" style=\"padding: 20px 20px 20px 20px\">\n\t\t\t<div class=\"qodef-single-image-holder   qodef-image-behavior-custom-link\">\n\t<div class=\"qodef-si-inner\" >\n\t\t<div class=\"qodef-si-text-holder\">\n\t\t\t<span class=\"qodef-si-text\"><\/span>\n\t\t<\/div>\n\t\t\t\t\t\t<a itemprop=\"url\" href=\"mailto:info@soulbricks.be\" target=\"_blank\">\n\t\t\t\t\t\t\t\t\t<img loading=\"lazy\" decoding=\"async\" src=\"https:\/\/soulbricks.com\/wp-content\/uploads\/2022\/01\/Sophie_Soulbricks-19-scaled-250x350.jpg\" alt=\"\" width=\"250\" height=\"350\" \/>\t\t\t\t\t\t\t\t<\/a>\n\t\t\t<\/div>\n<\/div>\n[vc_custom_heading text=\u00a0\u00bbSophie Top\u00a0\u00bb font_container=\u00a0\u00bbtag:h4|text_align:left\u00a0\u00bb use_theme_fonts=\u00a0\u00bbyes\u00a0\u00bb css=\u00a0\u00bb.vc_custom_1638011198270{margin-bottom: -10px !important;}\u00a0\u00bb][vc_column_text]<\/p>\n<p class=\"qodef-team-position\">Concept design \u2013 Partner<br \/>\n<em>Determined \/ Creative<\/em><\/p>\n<p>[\/vc_column_text][vc_column_text]+32 496 60 82 48[\/vc_column_text]\t\t<\/div>\n\t<\/div>\n<\/div><div class=\"qodef-eh-item    \"  data-item-class=\"qodef-eh-custom-6074\">\n\t<div class=\"qodef-eh-item-inner\">\n\t\t<div class=\"qodef-eh-item-content qodef-eh-custom-6074\" style=\"padding: 20px 20px 20px 20px\">\n\t\t\t<div class=\"qodef-single-image-holder   qodef-image-behavior-custom-link\">\n\t<div class=\"qodef-si-inner\" >\n\t\t<div class=\"qodef-si-text-holder\">\n\t\t\t<span class=\"qodef-si-text\"><\/span>\n\t\t<\/div>\n\t\t\t\t\t\t<a itemprop=\"url\" href=\"mailto:info@soulbricks.be\" target=\"_blank\">\n\t\t\t\t\t\t\t\t\t<img loading=\"lazy\" decoding=\"async\" src=\"https:\/\/soulbricks.com\/wp-content\/uploads\/2022\/01\/Soulbricks-37-scaled-250x350.jpg\" alt=\"\" width=\"250\" height=\"350\" \/>\t\t\t\t\t\t\t\t<\/a>\n\t\t\t<\/div>\n<\/div>\n[vc_custom_heading text=\u00a0\u00bbNicolas Kint\u00a0\u00bb font_container=\u00a0\u00bbtag:h4|text_align:left\u00a0\u00bb use_theme_fonts=\u00a0\u00bbyes\u00a0\u00bb css=\u00a0\u00bb.vc_custom_1638011569516{margin-bottom: -10px !important;}\u00a0\u00bb][vc_column_text]<\/p>\n<p class=\"qodef-team-position\">Service design \u2013 Partner<br \/>\n<em>Open-minded \/ <\/em><em>Reliable<\/em><\/p>\n<p>[\/vc_column_text][vc_column_text]+32 498 31 03 14[\/vc_column_text]\t\t<\/div>\n\t<\/div>\n<\/div><div class=\"qodef-eh-item    \"  data-item-class=\"qodef-eh-custom-8233\">\n\t<div class=\"qodef-eh-item-inner\">\n\t\t<div class=\"qodef-eh-item-content qodef-eh-custom-8233\" style=\"padding: 20px 20px 20px 20px\">\n\t\t\t<div class=\"qodef-single-image-holder   qodef-image-behavior-custom-link\">\n\t<div class=\"qodef-si-inner\" >\n\t\t<div class=\"qodef-si-text-holder\">\n\t\t\t<span class=\"qodef-si-text\"><\/span>\n\t\t<\/div>\n\t\t\t\t\t\t<a itemprop=\"url\" href=\"mailto:info@soulbricks.be\" target=\"_blank\">\n\t\t\t\t\t\t\t\t\t<img loading=\"lazy\" decoding=\"async\" src=\"https:\/\/soulbricks.com\/wp-content\/uploads\/2022\/01\/Pierre_Soulbricks-34-250x350.jpg\" alt=\"\" width=\"250\" height=\"350\" \/>\t\t\t\t\t\t\t\t<\/a>\n\t\t\t<\/div>\n<\/div>\n[vc_custom_heading text=\u00a0\u00bbPierre van Durme\u00a0\u00bb font_container=\u00a0\u00bbtag:h4|text_align:left\u00a0\u00bb use_theme_fonts=\u00a0\u00bbyes\u00a0\u00bb css=\u00a0\u00bb.vc_custom_1638011640637{margin-bottom: -10px !important;}\u00a0\u00bb][vc_column_text]<\/p>\n<p class=\"qodef-team-position\">Managing Partner<br \/>\n<em>Networker \/ Thoughtful<\/em><\/p>\n<p>[\/vc_column_text][vc_column_text]+32 478 30 35 09[\/vc_column_text]\t\t<\/div>\n\t<\/div>\n<\/div><\/div><div class=\"qodef-elements-holder   qodef-one-column  qodef-responsive-mode-768 qodef-one-column-alignment-left\" ><div class=\"qodef-eh-item    \"  data-item-class=\"qodef-eh-custom-2197\">\n\t<div class=\"qodef-eh-item-inner\">\n\t\t<div class=\"qodef-eh-item-content qodef-eh-custom-2197\" style=\"padding: 20px 20px 20px 20px\">\n\t\t\t<div class=\"qodef-single-image-holder   qodef-image-behavior-custom-link\">\n\t<div class=\"qodef-si-inner\" >\n\t\t<div class=\"qodef-si-text-holder\">\n\t\t\t<span class=\"qodef-si-text\"><\/span>\n\t\t<\/div>\n\t\t\t\t\t\t<a itemprop=\"url\" href=\"mailto:info@soulbricks.be\" target=\"_blank\">\n\t\t\t\t\t\t\t\t\t<img loading=\"lazy\" decoding=\"async\" src=\"https:\/\/soulbricks.com\/wp-content\/uploads\/2022\/06\/ruthgoderis-250x350.jpg\" alt=\"Soulbricks_Ruth\" width=\"250\" height=\"350\" \/>\t\t\t\t\t\t\t\t<\/a>\n\t\t\t<\/div>\n<\/div>\n[vc_custom_heading text=\u00a0\u00bbRuth Goderis\u00a0\u00bb font_container=\u00a0\u00bbtag:h4|text_align:left\u00a0\u00bb use_theme_fonts=\u00a0\u00bbyes\u00a0\u00bb css=\u00a0\u00bb.vc_custom_1656403909055{margin-bottom: -10px !important;}\u00a0\u00bb][vc_column_text]<\/p>\n<p class=\"qodef-team-position\">Interior design<br \/>\n<em>Passionate by eco-conscious design<\/em><\/p>\n<p>[\/vc_column_text][vc_column_text][\/vc_column_text]\t\t<\/div>\n\t<\/div>\n<\/div><div class=\"qodef-eh-item    \"  data-item-class=\"qodef-eh-custom-8494\">\n\t<div class=\"qodef-eh-item-inner\">\n\t\t<div class=\"qodef-eh-item-content qodef-eh-custom-8494\" style=\"padding: 20px 20px 20px 20px\">\n\t\t\t<div class=\"qodef-single-image-holder   qodef-image-behavior-custom-link\">\n\t<div class=\"qodef-si-inner\" >\n\t\t<div class=\"qodef-si-text-holder\">\n\t\t\t<span class=\"qodef-si-text\"><\/span>\n\t\t<\/div>\n\t\t\t\t\t\t<a itemprop=\"url\" href=\"mailto:info@soulbricks.be\" target=\"_blank\">\n\t\t\t\t\t\t\t\t\t<img loading=\"lazy\" decoding=\"async\" src=\"https:\/\/soulbricks.com\/wp-content\/uploads\/2022\/01\/Nancy_Soulbricks-1-scaled-250x350.jpg\" alt=\"\" width=\"250\" height=\"350\" \/>\t\t\t\t\t\t\t\t<\/a>\n\t\t\t<\/div>\n<\/div>\n[vc_custom_heading text=\u00a0\u00bbNancy\u00a0\u00bb font_container=\u00a0\u00bbtag:h4|text_align:left\u00a0\u00bb use_theme_fonts=\u00a0\u00bbyes\u00a0\u00bb css=\u00a0\u00bb.vc_custom_1646847382908{margin-bottom: -10px !important;}\u00a0\u00bb][vc_column_text]<\/p>\n<p class=\"qodef-team-position\">Hospitality Officer<br \/>\n<em>Welcoming \/ Literate<\/em><\/p>\n<p>[\/vc_column_text]\t\t<\/div>\n\t<\/div>\n<\/div><div class=\"qodef-eh-item    \"  data-item-class=\"qodef-eh-custom-8693\">\n\t<div class=\"qodef-eh-item-inner\">\n\t\t<div class=\"qodef-eh-item-content qodef-eh-custom-8693\" style=\"padding: 20px 20px 20px 20px\">\n\t\t\t<div class=\"qodef-single-image-holder   qodef-image-behavior-custom-link\">\n\t<div class=\"qodef-si-inner\" >\n\t\t<div class=\"qodef-si-text-holder\">\n\t\t\t<span class=\"qodef-si-text\"><\/span>\n\t\t<\/div>\n\t\t\t\t\t\t<a itemprop=\"url\" href=\"mailto:info@soulbricks.be\" target=\"_blank\">\n\t\t\t\t\t\t\t\t\t<img loading=\"lazy\" decoding=\"async\" src=\"https:\/\/soulbricks.com\/wp-content\/uploads\/2022\/01\/Nadia_Soulbricks-5-scaled-250x350.jpg\" alt=\"\" width=\"250\" height=\"350\" \/>\t\t\t\t\t\t\t\t<\/a>\n\t\t\t<\/div>\n<\/div>\n[vc_custom_heading text=\u00a0\u00bbNadia\u00a0\u00bb font_container=\u00a0\u00bbtag:h4|text_align:left\u00a0\u00bb use_theme_fonts=\u00a0\u00bbyes\u00a0\u00bb css=\u00a0\u00bb.vc_custom_1646847391881{margin-bottom: -10px !important;}\u00a0\u00bb][vc_column_text]<\/p>\n<p class=\"qodef-team-position\">Administration Officer<br \/>\n<em>Studious \/ Warm<\/em><\/p>\n<p>[\/vc_column_text]\t\t<\/div>\n\t<\/div>\n<\/div><\/div><div class=\"qodef-elements-holder   qodef-one-column  qodef-responsive-mode-768 qodef-one-column-alignment-left\" ><div class=\"qodef-eh-item    \"  data-item-class=\"qodef-eh-custom-5301\">\n\t<div class=\"qodef-eh-item-inner\">\n\t\t<div class=\"qodef-eh-item-content qodef-eh-custom-5301\" style=\"padding: 20px 20px 20px 20px\">\n\t\t\t<div class=\"qodef-single-image-holder   qodef-image-behavior-custom-link\">\n\t<div class=\"qodef-si-inner\" >\n\t\t<div class=\"qodef-si-text-holder\">\n\t\t\t<span class=\"qodef-si-text\"><\/span>\n\t\t<\/div>\n\t\t\t\t\t\t<a itemprop=\"url\" href=\"mailto:info@soulbricks.be\" target=\"_blank\">\n\t\t\t\t\t\t\t\t\t<img loading=\"lazy\" decoding=\"async\" src=\"https:\/\/soulbricks.com\/wp-content\/uploads\/2024\/10\/Pilar-Shoots-VerhoestraeteMetalen-LR-79-e1727943869256-250x350.jpg\" alt=\"\" width=\"250\" height=\"350\" \/>\t\t\t\t\t\t\t\t<\/a>\n\t\t\t<\/div>\n<\/div>\n[vc_custom_heading text=\u00a0\u00bbFebe Casteleyn\u00a0\u00bb font_container=\u00a0\u00bbtag:h4|text_align:left\u00a0\u00bb use_theme_fonts=\u00a0\u00bbyes\u00a0\u00bb css=\u00a0\u00bb.vc_custom_1756399839343{margin-bottom: -10px !important;}\u00a0\u00bb][vc_column_text]<\/p>\n<p class=\"qodef-team-position\">Interior Design<br \/>\n<em>Social \/ Diligent<\/em><\/p>\n<p>[\/vc_column_text][vc_column_text][\/vc_column_text]\t\t<\/div>\n\t<\/div>\n<\/div><div class=\"qodef-eh-item    \"  data-item-class=\"qodef-eh-custom-3353\">\n\t<div class=\"qodef-eh-item-inner\">\n\t\t<div class=\"qodef-eh-item-content qodef-eh-custom-3353\" style=\"padding: 20px 20px 20px 20px\">\n\t\t\t<div class=\"qodef-single-image-holder   qodef-image-behavior-custom-link\">\n\t<div class=\"qodef-si-inner\" >\n\t\t<div class=\"qodef-si-text-holder\">\n\t\t\t<span class=\"qodef-si-text\"><\/span>\n\t\t<\/div>\n\t\t\t\t\t\t<a itemprop=\"url\" href=\"mailto:info@soulbricks.be\" target=\"_blank\">\n\t\t\t\t\t\t\t\t\t<img loading=\"lazy\" decoding=\"async\" src=\"https:\/\/soulbricks.com\/wp-content\/uploads\/2023\/03\/Ontwerp-zonder-titel-2-e1677655883747-250x350.jpg\" alt=\"\" width=\"250\" height=\"350\" \/>\t\t\t\t\t\t\t\t<\/a>\n\t\t\t<\/div>\n<\/div>\n[vc_custom_heading text=\u00a0\u00bbAlmira\u00a0\u00bb font_container=\u00a0\u00bbtag:h4|text_align:left\u00a0\u00bb use_theme_fonts=\u00a0\u00bbyes\u00a0\u00bb css=\u00a0\u00bb.vc_custom_1677656289423{margin-bottom: -10px !important;}\u00a0\u00bb][vc_column_text]<\/p>\n<p class=\"qodef-team-position\">Hospitality Officer<br \/>\n<em>Driven \/ Friendly<\/em><\/p>\n<p>[\/vc_column_text]\t\t<\/div>\n\t<\/div>\n<\/div><div class=\"qodef-eh-item    \"  data-item-class=\"qodef-eh-custom-5408\">\n\t<div class=\"qodef-eh-item-inner\">\n\t\t<div class=\"qodef-eh-item-content qodef-eh-custom-5408\" style=\"padding: 20px 20px 20px 20px\">\n\t\t\t<div class=\"qodef-single-image-holder   qodef-image-behavior-custom-link\">\n\t<div class=\"qodef-si-inner\" >\n\t\t<div class=\"qodef-si-text-holder\">\n\t\t\t<span class=\"qodef-si-text\"><\/span>\n\t\t<\/div>\n\t\t\t\t\t\t<a itemprop=\"url\" href=\"mailto:info@soulbricks.be\" target=\"_blank\">\n\t\t\t\t\t\t\t\t\t<img loading=\"lazy\" decoding=\"async\" src=\"https:\/\/soulbricks.com\/wp-content\/uploads\/2025\/08\/Scherm\u00adafbeelding-2025-08-28-om-18.27.25-1-250x350.png\" alt=\"\" width=\"250\" height=\"350\" \/>\t\t\t\t\t\t\t\t<\/a>\n\t\t\t<\/div>\n<\/div>\n[vc_custom_heading text=\u00a0\u00bbTine Decoodt\u00a0\u00bb font_container=\u00a0\u00bbtag:h4|text_align:left\u00a0\u00bb use_theme_fonts=\u00a0\u00bbyes\u00a0\u00bb css=\u00a0\u00bb.vc_custom_1756399756973{margin-bottom: -10px !important;}\u00a0\u00bb][vc_column_text]<\/p>\n<p class=\"qodef-team-position\">Administration Officer<br \/>\n<em>Communicative \/ Considerate<\/em><\/p>\n<p>[\/vc_column_text]\t\t<\/div>\n\t<\/div>\n<\/div><\/div>[vc_empty_space height=\u00a0\u00bb50px\u00a0\u00bb][vc_column_text]<\/p>\n<h2><strong>Join us<\/strong><\/h2>\n<p>[\/vc_column_text][vc_empty_space height=\u00a0\u00bb25px\u00a0\u00bb]<div class=\"qodef-single-image-holder   \">\n\t<div class=\"qodef-si-inner\" >\n\t\t<div class=\"qodef-si-text-holder\">\n\t\t\t<span class=\"qodef-si-text\"><\/span>\n\t\t<\/div>\n\t\t\t\t\t\t\t\t\t<img loading=\"lazy\" decoding=\"async\" width=\"2560\" height=\"1707\" src=\"https:\/\/soulbricks.com\/wp-content\/uploads\/2024\/05\/DSC02874-scaled.jpg\" class=\"attachment-full size-full\" alt=\"\" srcset=\"https:\/\/soulbricks.com\/wp-content\/uploads\/2024\/05\/DSC02874-scaled.jpg 2560w, https:\/\/soulbricks.com\/wp-content\/uploads\/2024\/05\/DSC02874-300x200.jpg 300w, https:\/\/soulbricks.com\/wp-content\/uploads\/2024\/05\/DSC02874-1024x683.jpg 1024w, https:\/\/soulbricks.com\/wp-content\/uploads\/2024\/05\/DSC02874-768x512.jpg 768w, https:\/\/soulbricks.com\/wp-content\/uploads\/2024\/05\/DSC02874-1536x1024.jpg 1536w\" sizes=\"auto, (max-width: 2560px) 100vw, 2560px\" \/>\t\t\t\t\t\t<\/div>\n<\/div>\n[vc_column_text]Vous souhaitez faire partie de notre \u00e9quipe ? Consultez <a href=\"https:\/\/careers.smartrecruiters.com\/Soulbricks\/\">nos offres d&#8217;emploi<\/a> d\u00e8s maintenant.<\/p>\n<div id=\"ConnectiveDocSignExtentionInstalled\" data-extension-version=\"1.0.4\"><\/div>\n<div id=\"ConnectiveDocSignExtentionInstalled\" data-extension-version=\"1.0.4\"><\/div>\n<p>[\/vc_column_text][vc_empty_space height=\u00a0\u00bb25px\u00a0\u00bb]<a itemprop=\"url\" href=\"https:\/\/careers.smartrecruiters.com\/soulbricks\" target=\"_self\"  class=\"qodef-btn qodef-btn-medium qodef-btn-solid\"  >\n    <span class=\"qodef-btn-line-holder\">\n        <span class=\"qodef-btn-line-top\"><\/span>\n        <span class=\"qodef-btn-line\"><\/span>\n        <span class=\"qodef-btn-line-bottom\"><\/span>\n    <\/span>\n        <span class=\"qodef-btn-text\">Postes vacants<\/span>\n<\/a>[vc_empty_space height=\u00a0\u00bb100px\u00a0\u00bb][\/vc_column][\/vc_row]<\/p>\n<\/section>","protected":false},"excerpt":{"rendered":"<p>[vc_row][vc_column offset=\u00a0\u00bbvc_col-lg-offset-1 vc_col-lg-10&Prime;][vc_empty_space height=\u00a0\u00bb50px\u00a0\u00bb][vc_column_text] Join us [\/vc_column_text][vc_empty_space height=\u00a0\u00bb25px\u00a0\u00bb][vc_column_text]Vous souhaitez faire partie de notre \u00e9quipe ? Consultez nos offres d&#8217;emploi d\u00e8s maintenant. [\/vc_column_text][vc_empty_space height=\u00a0\u00bb25px\u00a0\u00bb][vc_empty_space height=\u00a0\u00bb100px\u00a0\u00bb][\/vc_column][\/vc_row]<\/p>\n","protected":false},"author":1,"featured_media":6467,"parent":0,"menu_order":7,"comment_status":"closed","ping_status":"closed","template":"","meta":{"_coblocks_attr":"","_coblocks_dimensions":"","_coblocks_responsive_height":"","_coblocks_accordion_ie_support":"","footnotes":""},"class_list":["post-7163","page","type-page","status-publish","has-post-thumbnail","hentry"],"yoast_head":"<!-- This site is optimized with the Yoast SEO plugin v27.5 - https:\/\/yoast.com\/product\/yoast-seo-wordpress\/ -->\n<title>A propos de nous - Soulbricks<\/title>\n<meta name=\"robots\" content=\"noindex, nofollow\" \/>\n<meta property=\"og:locale\" content=\"fr_FR\" \/>\n<meta property=\"og:type\" content=\"article\" \/>\n<meta property=\"og:title\" content=\"A propos de nous - Soulbricks\" \/>\n<meta property=\"og:description\" content=\"[vc_row][vc_column offset=\u00a0\u00bbvc_col-lg-offset-1 vc_col-lg-10&Prime;][vc_empty_space height=\u00a0\u00bb50px\u00a0\u00bb][vc_column_text] Join us [\/vc_column_text][vc_empty_space height=\u00a0\u00bb25px\u00a0\u00bb][vc_column_text]Vous souhaitez faire partie de notre \u00e9quipe ? Consultez nos offres d&#8217;emploi d\u00e8s maintenant. [\/vc_column_text][vc_empty_space height=\u00a0\u00bb25px\u00a0\u00bb][vc_empty_space height=\u00a0\u00bb100px\u00a0\u00bb][\/vc_column][\/vc_row]\" \/>\n<meta property=\"og:url\" content=\"https:\/\/soulbricks.com\/fr\/a-propos-de-nous\/\" \/>\n<meta property=\"og:site_name\" content=\"Soulbricks\" \/>\n<meta property=\"article:modified_time\" content=\"2025-08-28T16:51:42+00:00\" \/>\n<meta property=\"og:image\" content=\"https:\/\/soulbricks.com\/wp-content\/uploads\/2021\/02\/VDH_2279-scaled.jpg\" \/>\n\t<meta property=\"og:image:width\" content=\"2560\" \/>\n\t<meta property=\"og:image:height\" content=\"1708\" \/>\n\t<meta property=\"og:image:type\" content=\"image\/jpeg\" \/>\n<meta name=\"twitter:card\" content=\"summary_large_image\" \/>\n<meta name=\"twitter:label1\" content=\"Dur\u00e9e de lecture estim\u00e9e\" \/>\n\t<meta name=\"twitter:data1\" content=\"5 minutes\" \/>\n<script type=\"application\/ld+json\" class=\"yoast-schema-graph\">{\"@context\":\"https:\\\/\\\/schema.org\",\"@graph\":[{\"@type\":\"WebPage\",\"@id\":\"https:\\\/\\\/soulbricks.com\\\/fr\\\/a-propos-de-nous\\\/\",\"url\":\"https:\\\/\\\/soulbricks.com\\\/fr\\\/a-propos-de-nous\\\/\",\"name\":\"A propos de nous - Soulbricks\",\"isPartOf\":{\"@id\":\"https:\\\/\\\/soulbricks.com\\\/fr\\\/#website\"},\"primaryImageOfPage\":{\"@id\":\"https:\\\/\\\/soulbricks.com\\\/fr\\\/a-propos-de-nous\\\/#primaryimage\"},\"image\":{\"@id\":\"https:\\\/\\\/soulbricks.com\\\/fr\\\/a-propos-de-nous\\\/#primaryimage\"},\"thumbnailUrl\":\"https:\\\/\\\/soulbricks.com\\\/wp-content\\\/uploads\\\/2021\\\/02\\\/VDH_2279-scaled.jpg\",\"datePublished\":\"2018-10-11T10:19:03+00:00\",\"dateModified\":\"2025-08-28T16:51:42+00:00\",\"breadcrumb\":{\"@id\":\"https:\\\/\\\/soulbricks.com\\\/fr\\\/a-propos-de-nous\\\/#breadcrumb\"},\"inLanguage\":\"fr-FR\",\"potentialAction\":[{\"@type\":\"ReadAction\",\"target\":[\"https:\\\/\\\/soulbricks.com\\\/fr\\\/a-propos-de-nous\\\/\"]}]},{\"@type\":\"ImageObject\",\"inLanguage\":\"fr-FR\",\"@id\":\"https:\\\/\\\/soulbricks.com\\\/fr\\\/a-propos-de-nous\\\/#primaryimage\",\"url\":\"https:\\\/\\\/soulbricks.com\\\/wp-content\\\/uploads\\\/2021\\\/02\\\/VDH_2279-scaled.jpg\",\"contentUrl\":\"https:\\\/\\\/soulbricks.com\\\/wp-content\\\/uploads\\\/2021\\\/02\\\/VDH_2279-scaled.jpg\",\"width\":2560,\"height\":1708},{\"@type\":\"BreadcrumbList\",\"@id\":\"https:\\\/\\\/soulbricks.com\\\/fr\\\/a-propos-de-nous\\\/#breadcrumb\",\"itemListElement\":[{\"@type\":\"ListItem\",\"position\":1,\"name\":\"Home\",\"item\":\"https:\\\/\\\/soulbricks.com\\\/fr\\\/\"},{\"@type\":\"ListItem\",\"position\":2,\"name\":\"A propos de nous\"}]},{\"@type\":\"WebSite\",\"@id\":\"https:\\\/\\\/soulbricks.com\\\/fr\\\/#website\",\"url\":\"https:\\\/\\\/soulbricks.com\\\/fr\\\/\",\"name\":\"Soulbricks\",\"description\":\"Creating Rewarding &amp; Unique Spaces\",\"publisher\":{\"@id\":\"https:\\\/\\\/soulbricks.com\\\/fr\\\/#organization\"},\"potentialAction\":[{\"@type\":\"SearchAction\",\"target\":{\"@type\":\"EntryPoint\",\"urlTemplate\":\"https:\\\/\\\/soulbricks.com\\\/fr\\\/?s={search_term_string}\"},\"query-input\":{\"@type\":\"PropertyValueSpecification\",\"valueRequired\":true,\"valueName\":\"search_term_string\"}}],\"inLanguage\":\"fr-FR\"},{\"@type\":\"Organization\",\"@id\":\"https:\\\/\\\/soulbricks.com\\\/fr\\\/#organization\",\"name\":\"Soulbricks\",\"url\":\"https:\\\/\\\/soulbricks.com\\\/fr\\\/\",\"logo\":{\"@type\":\"ImageObject\",\"inLanguage\":\"fr-FR\",\"@id\":\"https:\\\/\\\/soulbricks.com\\\/fr\\\/#\\\/schema\\\/logo\\\/image\\\/\",\"url\":\"https:\\\/\\\/95d3ca.n3cdn1.secureserver.net\\\/wp-content\\\/uploads\\\/2022\\\/12\\\/Schermafbeelding-2022-12-16-om-09.53.18.png?time=1671180822\",\"contentUrl\":\"https:\\\/\\\/95d3ca.n3cdn1.secureserver.net\\\/wp-content\\\/uploads\\\/2022\\\/12\\\/Schermafbeelding-2022-12-16-om-09.53.18.png?time=1671180822\",\"width\":578,\"height\":130,\"caption\":\"Soulbricks\"},\"image\":{\"@id\":\"https:\\\/\\\/soulbricks.com\\\/fr\\\/#\\\/schema\\\/logo\\\/image\\\/\"}}]}<\/script>\n<!-- \/ Yoast SEO plugin. -->","yoast_head_json":{"title":"A propos de nous - Soulbricks","robots":{"index":"noindex","follow":"nofollow"},"og_locale":"fr_FR","og_type":"article","og_title":"A propos de nous - Soulbricks","og_description":"[vc_row][vc_column offset=\u00a0\u00bbvc_col-lg-offset-1 vc_col-lg-10&Prime;][vc_empty_space height=\u00a0\u00bb50px\u00a0\u00bb][vc_column_text] Join us [\/vc_column_text][vc_empty_space height=\u00a0\u00bb25px\u00a0\u00bb][vc_column_text]Vous souhaitez faire partie de notre \u00e9quipe ? Consultez nos offres d&#8217;emploi d\u00e8s maintenant. [\/vc_column_text][vc_empty_space height=\u00a0\u00bb25px\u00a0\u00bb][vc_empty_space height=\u00a0\u00bb100px\u00a0\u00bb][\/vc_column][\/vc_row]","og_url":"https:\/\/soulbricks.com\/fr\/a-propos-de-nous\/","og_site_name":"Soulbricks","article_modified_time":"2025-08-28T16:51:42+00:00","og_image":[{"width":2560,"height":1708,"url":"https:\/\/soulbricks.com\/wp-content\/uploads\/2021\/02\/VDH_2279-scaled.jpg","type":"image\/jpeg"}],"twitter_card":"summary_large_image","twitter_misc":{"Dur\u00e9e de lecture estim\u00e9e":"5 minutes"},"schema":{"@context":"https:\/\/schema.org","@graph":[{"@type":"WebPage","@id":"https:\/\/soulbricks.com\/fr\/a-propos-de-nous\/","url":"https:\/\/soulbricks.com\/fr\/a-propos-de-nous\/","name":"A propos de nous - Soulbricks","isPartOf":{"@id":"https:\/\/soulbricks.com\/fr\/#website"},"primaryImageOfPage":{"@id":"https:\/\/soulbricks.com\/fr\/a-propos-de-nous\/#primaryimage"},"image":{"@id":"https:\/\/soulbricks.com\/fr\/a-propos-de-nous\/#primaryimage"},"thumbnailUrl":"https:\/\/soulbricks.com\/wp-content\/uploads\/2021\/02\/VDH_2279-scaled.jpg","datePublished":"2018-10-11T10:19:03+00:00","dateModified":"2025-08-28T16:51:42+00:00","breadcrumb":{"@id":"https:\/\/soulbricks.com\/fr\/a-propos-de-nous\/#breadcrumb"},"inLanguage":"fr-FR","potentialAction":[{"@type":"ReadAction","target":["https:\/\/soulbricks.com\/fr\/a-propos-de-nous\/"]}]},{"@type":"ImageObject","inLanguage":"fr-FR","@id":"https:\/\/soulbricks.com\/fr\/a-propos-de-nous\/#primaryimage","url":"https:\/\/soulbricks.com\/wp-content\/uploads\/2021\/02\/VDH_2279-scaled.jpg","contentUrl":"https:\/\/soulbricks.com\/wp-content\/uploads\/2021\/02\/VDH_2279-scaled.jpg","width":2560,"height":1708},{"@type":"BreadcrumbList","@id":"https:\/\/soulbricks.com\/fr\/a-propos-de-nous\/#breadcrumb","itemListElement":[{"@type":"ListItem","position":1,"name":"Home","item":"https:\/\/soulbricks.com\/fr\/"},{"@type":"ListItem","position":2,"name":"A propos de nous"}]},{"@type":"WebSite","@id":"https:\/\/soulbricks.com\/fr\/#website","url":"https:\/\/soulbricks.com\/fr\/","name":"Soulbricks","description":"Creating Rewarding &amp; Unique Spaces","publisher":{"@id":"https:\/\/soulbricks.com\/fr\/#organization"},"potentialAction":[{"@type":"SearchAction","target":{"@type":"EntryPoint","urlTemplate":"https:\/\/soulbricks.com\/fr\/?s={search_term_string}"},"query-input":{"@type":"PropertyValueSpecification","valueRequired":true,"valueName":"search_term_string"}}],"inLanguage":"fr-FR"},{"@type":"Organization","@id":"https:\/\/soulbricks.com\/fr\/#organization","name":"Soulbricks","url":"https:\/\/soulbricks.com\/fr\/","logo":{"@type":"ImageObject","inLanguage":"fr-FR","@id":"https:\/\/soulbricks.com\/fr\/#\/schema\/logo\/image\/","url":"https:\/\/95d3ca.n3cdn1.secureserver.net\/wp-content\/uploads\/2022\/12\/Schermafbeelding-2022-12-16-om-09.53.18.png?time=1671180822","contentUrl":"https:\/\/95d3ca.n3cdn1.secureserver.net\/wp-content\/uploads\/2022\/12\/Schermafbeelding-2022-12-16-om-09.53.18.png?time=1671180822","width":578,"height":130,"caption":"Soulbricks"},"image":{"@id":"https:\/\/soulbricks.com\/fr\/#\/schema\/logo\/image\/"}}]}},"_links":{"self":[{"href":"https:\/\/soulbricks.com\/fr\/wp-json\/wp\/v2\/pages\/7163","targetHints":{"allow":["GET"]}}],"collection":[{"href":"https:\/\/soulbricks.com\/fr\/wp-json\/wp\/v2\/pages"}],"about":[{"href":"https:\/\/soulbricks.com\/fr\/wp-json\/wp\/v2\/types\/page"}],"author":[{"embeddable":true,"href":"https:\/\/soulbricks.com\/fr\/wp-json\/wp\/v2\/users\/1"}],"replies":[{"embeddable":true,"href":"https:\/\/soulbricks.com\/fr\/wp-json\/wp\/v2\/comments?post=7163"}],"version-history":[{"count":23,"href":"https:\/\/soulbricks.com\/fr\/wp-json\/wp\/v2\/pages\/7163\/revisions"}],"predecessor-version":[{"id":9993,"href":"https:\/\/soulbricks.com\/fr\/wp-json\/wp\/v2\/pages\/7163\/revisions\/9993"}],"wp:featuredmedia":[{"embeddable":true,"href":"https:\/\/soulbricks.com\/fr\/wp-json\/wp\/v2\/media\/6467"}],"wp:attachment":[{"href":"https:\/\/soulbricks.com\/fr\/wp-json\/wp\/v2\/media?parent=7163"}],"curies":[{"name":"wp","href":"https:\/\/api.w.org\/{rel}","templated":true}]}}